{"id":42,"date":"2020-08-20T17:50:18","date_gmt":"2020-08-20T17:50:18","guid":{"rendered":"https:\/\/opcina-dubrava.hr\/reciklazno-dvoriste\/?page_id=42"},"modified":"2021-01-25T12:16:40","modified_gmt":"2021-01-25T12:16:40","slug":"o-projektu","status":"publish","type":"page","link":"https:\/\/opcina-dubrava.hr\/reciklazno-dvoriste\/o-projektu\/","title":{"rendered":"O projektu"},"content":{"rendered":"<p><div class=\"fusion-fullwidth fullwidth-box fusion-builder-row-1 fusion-flex-container nonhundred-percent-fullwidth non-hundred-percent-height-scrolling\" style=\"--awb-border-radius-top-left:0px;--awb-border-radius-top-right:0px;--awb-border-radius-bottom-right:0px;--awb-border-radius-bottom-left:0px;--awb-padding-top:0px;--awb-padding-bottom:20px;--awb-background-image:linear-gradient(180deg, #e0ecf0 60%,#ffffff 60%);--awb-flex-wrap:wrap;\" ><div class=\"fusion-builder-row fusion-row fusion-flex-align-items-stretch fusion-flex-content-wrap\" style=\"max-width:1310.4px;margin-left: calc(-4% \/ 2 );margin-right: calc(-4% \/ 2 );\"><div class=\"fusion-layout-column fusion_builder_column fusion-builder-column-0 fusion_builder_column_1_4 1_4 fusion-flex-column\" style=\"--awb-bg-size:cover;--awb-width-large:25%;--awb-margin-top-large:20px;--awb-spacing-right-large:10px;--awb-margin-bottom-large:20px;--awb-spacing-left-large:7.68%;--awb-width-medium:25%;--awb-order-medium:0;--awb-spacing-right-medium:10px;--awb-spacing-left-medium:7.68%;--awb-width-small:50%;--awb-order-small:1;--awb-spacing-right-small:10px;--awb-spacing-left-small:3.84%;\"><div class=\"fusion-column-wrapper fusion-column-has-shadow fusion-flex-justify-content-center fusion-content-layout-column\"><div class=\"fusion-image-element \" style=\"--awb-caption-title-font-family:var(--h2_typography-font-family);--awb-caption-title-font-weight:var(--h2_typography-font-weight);--awb-caption-title-font-style:var(--h2_typography-font-style);--awb-caption-title-size:var(--h2_typography-font-size);--awb-caption-title-transform:var(--h2_typography-text-transform);--awb-caption-title-line-height:var(--h2_typography-line-height);--awb-caption-title-letter-spacing:var(--h2_typography-letter-spacing);\"><span class=\" fusion-imageframe imageframe-none imageframe-1 hover-type-none\" style=\"border-radius:12px;\"><img decoding=\"async\" width=\"870\" height=\"580\" title=\"rec1-3\" src=\"https:\/\/opcina-dubrava.hr\/reciklazno-dvoriste\/wp-content\/uploads\/2021\/01\/rec1-3.jpg\" data-orig-src=\"https:\/\/rd.opcina-dubrava.hr\/wp-content\/uploads\/2021\/01\/rec1-3.jpg\" alt class=\"lazyload img-responsive wp-image-2068\" srcset=\"data:image\/svg+xml,%3Csvg%20xmlns%3D%27http%3A%2F%2Fwww.w3.org%2F2000%2Fsvg%27%20width%3D%27870%27%20height%3D%27580%27%20viewBox%3D%270%200%20870%20580%27%3E%3Crect%20width%3D%27870%27%20height%3D%27580%27%20fill-opacity%3D%220%22%2F%3E%3C%2Fsvg%3E\" data-srcset=\"https:\/\/opcina-dubrava.hr\/reciklazno-dvoriste\/wp-content\/uploads\/2021\/01\/rec1-3-200x133.jpg 200w, https:\/\/opcina-dubrava.hr\/reciklazno-dvoriste\/wp-content\/uploads\/2021\/01\/rec1-3-400x267.jpg 400w, https:\/\/opcina-dubrava.hr\/reciklazno-dvoriste\/wp-content\/uploads\/2021\/01\/rec1-3-600x400.jpg 600w, https:\/\/opcina-dubrava.hr\/reciklazno-dvoriste\/wp-content\/uploads\/2021\/01\/rec1-3-800x533.jpg 800w, https:\/\/opcina-dubrava.hr\/reciklazno-dvoriste\/wp-content\/uploads\/2021\/01\/rec1-3.jpg 870w\" data-sizes=\"auto\" data-orig-sizes=\"(max-width: 640px) 100vw, 400px\" \/><\/span><\/div><\/div><\/div><div class=\"fusion-layout-column fusion_builder_column fusion-builder-column-1 fusion_builder_column_1_2 1_2 fusion-flex-column\" style=\"--awb-bg-size:cover;--awb-width-large:50%;--awb-margin-top-large:20px;--awb-spacing-right-large:10px;--awb-margin-bottom-large:20px;--awb-spacing-left-large:10px;--awb-width-medium:50%;--awb-order-medium:0;--awb-spacing-right-medium:10px;--awb-spacing-left-medium:10px;--awb-width-small:100%;--awb-order-small:0;--awb-margin-top-small:0px;--awb-spacing-right-small:1.92%;--awb-spacing-left-small:1.92%;\"><div class=\"fusion-column-wrapper fusion-column-has-shadow fusion-flex-justify-content-flex-start fusion-content-layout-column\"><div class=\"fusion-image-element \" style=\"--awb-caption-title-font-family:var(--h2_typography-font-family);--awb-caption-title-font-weight:var(--h2_typography-font-weight);--awb-caption-title-font-style:var(--h2_typography-font-style);--awb-caption-title-size:var(--h2_typography-font-size);--awb-caption-title-transform:var(--h2_typography-text-transform);--awb-caption-title-line-height:var(--h2_typography-line-height);--awb-caption-title-letter-spacing:var(--h2_typography-letter-spacing);\"><span class=\" fusion-imageframe imageframe-none imageframe-2 hover-type-none\" style=\"border-radius:12px;\"><img decoding=\"async\" width=\"870\" height=\"580\" title=\"rec1-2\" src=\"https:\/\/opcina-dubrava.hr\/reciklazno-dvoriste\/wp-content\/uploads\/2021\/01\/rec1-2.jpg\" data-orig-src=\"https:\/\/rd.opcina-dubrava.hr\/wp-content\/uploads\/2021\/01\/rec1-2.jpg\" alt class=\"lazyload img-responsive wp-image-2067\" srcset=\"data:image\/svg+xml,%3Csvg%20xmlns%3D%27http%3A%2F%2Fwww.w3.org%2F2000%2Fsvg%27%20width%3D%27870%27%20height%3D%27580%27%20viewBox%3D%270%200%20870%20580%27%3E%3Crect%20width%3D%27870%27%20height%3D%27580%27%20fill-opacity%3D%220%22%2F%3E%3C%2Fsvg%3E\" data-srcset=\"https:\/\/opcina-dubrava.hr\/reciklazno-dvoriste\/wp-content\/uploads\/2021\/01\/rec1-2-200x133.jpg 200w, https:\/\/opcina-dubrava.hr\/reciklazno-dvoriste\/wp-content\/uploads\/2021\/01\/rec1-2-400x267.jpg 400w, https:\/\/opcina-dubrava.hr\/reciklazno-dvoriste\/wp-content\/uploads\/2021\/01\/rec1-2-600x400.jpg 600w, https:\/\/opcina-dubrava.hr\/reciklazno-dvoriste\/wp-content\/uploads\/2021\/01\/rec1-2-800x533.jpg 800w, https:\/\/opcina-dubrava.hr\/reciklazno-dvoriste\/wp-content\/uploads\/2021\/01\/rec1-2.jpg 870w\" data-sizes=\"auto\" data-orig-sizes=\"(max-width: 640px) 100vw, 800px\" \/><\/span><\/div><\/div><\/div><div class=\"fusion-layout-column fusion_builder_column fusion-builder-column-2 fusion_builder_column_1_4 1_4 fusion-flex-column\" style=\"--awb-bg-size:cover;--awb-width-large:25%;--awb-margin-top-large:20px;--awb-spacing-right-large:7.68%;--awb-margin-bottom-large:20px;--awb-spacing-left-large:10px;--awb-width-medium:25%;--awb-order-medium:0;--awb-spacing-right-medium:7.68%;--awb-spacing-left-medium:10px;--awb-width-small:50%;--awb-order-small:2;--awb-spacing-right-small:3.84%;--awb-spacing-left-small:10px;\"><div class=\"fusion-column-wrapper fusion-column-has-shadow fusion-flex-justify-content-flex-start fusion-content-layout-column\"><div class=\"fusion-image-element \" style=\"--awb-caption-title-font-family:var(--h2_typography-font-family);--awb-caption-title-font-weight:var(--h2_typography-font-weight);--awb-caption-title-font-style:var(--h2_typography-font-style);--awb-caption-title-size:var(--h2_typography-font-size);--awb-caption-title-transform:var(--h2_typography-text-transform);--awb-caption-title-line-height:var(--h2_typography-line-height);--awb-caption-title-letter-spacing:var(--h2_typography-letter-spacing);\"><span class=\" fusion-imageframe imageframe-none imageframe-3 hover-type-none\" style=\"border-radius:12px;\"><img decoding=\"async\" width=\"870\" height=\"580\" title=\"rec1-1\" src=\"https:\/\/opcina-dubrava.hr\/reciklazno-dvoriste\/wp-content\/uploads\/2021\/01\/rec1-1-1.jpg\" data-orig-src=\"https:\/\/rd.opcina-dubrava.hr\/wp-content\/uploads\/2021\/01\/rec1-1-1.jpg\" alt class=\"lazyload img-responsive wp-image-2066\" srcset=\"data:image\/svg+xml,%3Csvg%20xmlns%3D%27http%3A%2F%2Fwww.w3.org%2F2000%2Fsvg%27%20width%3D%27870%27%20height%3D%27580%27%20viewBox%3D%270%200%20870%20580%27%3E%3Crect%20width%3D%27870%27%20height%3D%27580%27%20fill-opacity%3D%220%22%2F%3E%3C%2Fsvg%3E\" data-srcset=\"https:\/\/opcina-dubrava.hr\/reciklazno-dvoriste\/wp-content\/uploads\/2021\/01\/rec1-1-1-200x133.jpg 200w, https:\/\/opcina-dubrava.hr\/reciklazno-dvoriste\/wp-content\/uploads\/2021\/01\/rec1-1-1-400x267.jpg 400w, https:\/\/opcina-dubrava.hr\/reciklazno-dvoriste\/wp-content\/uploads\/2021\/01\/rec1-1-1-600x400.jpg 600w, https:\/\/opcina-dubrava.hr\/reciklazno-dvoriste\/wp-content\/uploads\/2021\/01\/rec1-1-1-800x533.jpg 800w, https:\/\/opcina-dubrava.hr\/reciklazno-dvoriste\/wp-content\/uploads\/2021\/01\/rec1-1-1.jpg 870w\" data-sizes=\"auto\" data-orig-sizes=\"(max-width: 640px) 100vw, 400px\" \/><\/span><\/div><\/div><\/div><\/div><\/div><div class=\"fusion-fullwidth fullwidth-box fusion-builder-row-2 fusion-flex-container nonhundred-percent-fullwidth non-hundred-percent-height-scrolling\" style=\"--awb-border-radius-top-left:0px;--awb-border-radius-top-right:0px;--awb-border-radius-bottom-right:0px;--awb-border-radius-bottom-left:0px;--awb-padding-top:50px;--awb-padding-top-medium:40px;--awb-padding-bottom-medium:48px;--awb-padding-top-small:0px;--awb-padding-bottom-small:20px;--awb-flex-wrap:wrap;\" ><div class=\"fusion-builder-row fusion-row fusion-flex-align-items-flex-start fusion-flex-justify-content-center fusion-flex-content-wrap\" style=\"max-width:1310.4px;margin-left: calc(-4% \/ 2 );margin-right: calc(-4% \/ 2 );\"><div class=\"fusion-layout-column fusion_builder_column fusion-builder-column-3 fusion_builder_column_3_5 3_5 fusion-flex-column\" style=\"--awb-bg-size:cover;--awb-width-large:60%;--awb-margin-top-large:20px;--awb-spacing-right-large:3.2%;--awb-margin-bottom-large:20px;--awb-spacing-left-large:3.2%;--awb-width-medium:66.666666666667%;--awb-order-medium:0;--awb-spacing-right-medium:2.88%;--awb-spacing-left-medium:2.88%;--awb-width-small:100%;--awb-order-small:0;--awb-spacing-right-small:1.92%;--awb-spacing-left-small:1.92%;\"><div class=\"fusion-column-wrapper fusion-column-has-shadow fusion-flex-justify-content-flex-start fusion-content-layout-column\"><div class=\"fusion-title title fusion-title-1 fusion-sep-none fusion-title-text fusion-title-size-three\"><h3 class=\"fusion-title-heading title-heading-left\" style=\"margin:0;\">O projektu<\/h3><\/div><div class=\"fusion-text fusion-text-1\"><p>Projekt\u00a0\u201cIzgradnja recikla\u017enog dvori\u0161ta Op\u0107ini Dubrava \u201d\u00a0prijavljen je i odobren za sufinanciranje u sklopu\u00a0otvorenog Poziva na dostavu projektnih prijedloga\u00a0<i>Uspostava recikla\u017enih dvori\u0161ta<\/i>\u00a0koda\u00a0<i>KK.06.3.1.03.0127<\/i>\u00a0financiranog iz operativnog programa Konkurentnost i Kohezija 2014.-2020.\u00a0<\/p>\n<p>Svrha ovog poziva je doprinos pove\u0107anju stope odvojeno prikupljenog komunalnog otpada i smanjenju koli\u010dine otpada koji se odla\u017ee na odlagali\u0161te.<\/p>\n<p>Prijavitelj i korisnik Projekta je\u00a0Op\u0107ina Dubrava, a odgovorna osoba je op\u0107inski na\u010delnik\u00a0<b>Tomislav Okro\u0161a<\/b><\/p>\n<p>Ukupna vrijednost Projekta je 2.679.796,25.\u00a0kuna, a iznos EU sufinanciranja je 1.401.107,02\u00a0kuna.<\/p>\n<p>Planirano vrijeme provedbe Projekta je\u00a001.03.\u00a02020. godine\u00a0do 30.04.\u00a02021. godine.<\/p>\n<p>Aktivnosti projekta su:\u00a0Izgradnja i opremanje recikla\u017enog dvori\u0161ta,\u00a0izobrazno-<wbr \/>informativne aktivnosti,\u00a0upravljanje projektom i promid\u017eba\u00a0i\u00a0vidljivost.<\/p>\n<p>Projekt je sufinancirala Europska unija iz Kohezijskog fonda.<\/p>\n<\/div><div class=\"fusion-image-element \" style=\"--awb-caption-title-font-family:var(--h2_typography-font-family);--awb-caption-title-font-weight:var(--h2_typography-font-weight);--awb-caption-title-font-style:var(--h2_typography-font-style);--awb-caption-title-size:var(--h2_typography-font-size);--awb-caption-title-transform:var(--h2_typography-text-transform);--awb-caption-title-line-height:var(--h2_typography-line-height);--awb-caption-title-letter-spacing:var(--h2_typography-letter-spacing);\"><span class=\" fusion-imageframe imageframe-none imageframe-4 hover-type-none\" style=\"border-radius:12px;\"><img decoding=\"async\" width=\"1000\" height=\"111\" title=\"fondovi\" src=\"https:\/\/opcina-dubrava.hr\/reciklazno-dvoriste\/wp-content\/uploads\/2021\/01\/fondovi.jpg\" data-orig-src=\"https:\/\/rd.opcina-dubrava.hr\/wp-content\/uploads\/2021\/01\/fondovi.jpg\" alt class=\"lazyload img-responsive wp-image-2062\" srcset=\"data:image\/svg+xml,%3Csvg%20xmlns%3D%27http%3A%2F%2Fwww.w3.org%2F2000%2Fsvg%27%20width%3D%271000%27%20height%3D%27111%27%20viewBox%3D%270%200%201000%20111%27%3E%3Crect%20width%3D%271000%27%20height%3D%27111%27%20fill-opacity%3D%220%22%2F%3E%3C%2Fsvg%3E\" data-srcset=\"https:\/\/opcina-dubrava.hr\/reciklazno-dvoriste\/wp-content\/uploads\/2021\/01\/fondovi-200x22.jpg 200w, https:\/\/opcina-dubrava.hr\/reciklazno-dvoriste\/wp-content\/uploads\/2021\/01\/fondovi-400x44.jpg 400w, https:\/\/opcina-dubrava.hr\/reciklazno-dvoriste\/wp-content\/uploads\/2021\/01\/fondovi-600x67.jpg 600w, https:\/\/opcina-dubrava.hr\/reciklazno-dvoriste\/wp-content\/uploads\/2021\/01\/fondovi-800x89.jpg 800w, https:\/\/opcina-dubrava.hr\/reciklazno-dvoriste\/wp-content\/uploads\/2021\/01\/fondovi.jpg 1000w\" data-sizes=\"auto\" data-orig-sizes=\"(max-width: 640px) 100vw, 800px\" \/><\/span><\/div><\/div><\/div><\/div><\/div><div class=\"fusion-fullwidth fullwidth-box fusion-builder-row-3 fusion-flex-container hundred-percent-fullwidth non-hundred-percent-height-scrolling\" style=\"--awb-border-radius-top-left:0px;--awb-border-radius-top-right:0px;--awb-border-radius-bottom-right:0px;--awb-border-radius-bottom-left:0px;--awb-padding-right:6%;--awb-padding-left:6%;--awb-padding-top-medium:40px;--awb-padding-right-medium:4%;--awb-padding-bottom-medium:48px;--awb-padding-left-medium:4%;--awb-padding-top-small:20px;--awb-padding-bottom-small:20px;--awb-flex-wrap:wrap;\" ><div class=\"fusion-builder-row fusion-row fusion-flex-align-items-stretch fusion-flex-justify-content-center fusion-flex-content-wrap\" style=\"width:104% !important;max-width:104% !important;margin-left: calc(-4% \/ 2 );margin-right: calc(-4% \/ 2 );\"><div class=\"fusion-layout-column fusion_builder_column fusion-builder-column-4 fusion_builder_column_2_5 2_5 fusion-flex-column\" style=\"--awb-bg-position:center top;--awb-bg-size:cover;--awb-width-large:40%;--awb-margin-top-large:10px;--awb-spacing-right-large:4.8%;--awb-margin-bottom-large:10px;--awb-spacing-left-large:4.8%;--awb-width-medium:50%;--awb-order-medium:0;--awb-spacing-right-medium:3.84%;--awb-spacing-left-medium:3.84%;--awb-width-small:100%;--awb-order-small:0;--awb-spacing-right-small:1.92%;--awb-spacing-left-small:1.92%;\"><div class=\"fusion-column-wrapper fusion-column-has-shadow fusion-flex-justify-content-center fusion-content-layout-column\"><div class=\"fusion-image-element \" style=\"--awb-caption-title-font-family:var(--h2_typography-font-family);--awb-caption-title-font-weight:var(--h2_typography-font-weight);--awb-caption-title-font-style:var(--h2_typography-font-style);--awb-caption-title-size:var(--h2_typography-font-size);--awb-caption-title-transform:var(--h2_typography-text-transform);--awb-caption-title-line-height:var(--h2_typography-line-height);--awb-caption-title-letter-spacing:var(--h2_typography-letter-spacing);\"><span class=\" fusion-imageframe imageframe-none imageframe-5 hover-type-none\" style=\"border-radius:12px;\"><img decoding=\"async\" width=\"572\" height=\"745\" src=\"data:image\/svg+xml,%3Csvg%20xmlns%3D%27http%3A%2F%2Fwww.w3.org%2F2000%2Fsvg%27%20width%3D%27572%27%20height%3D%27745%27%20viewBox%3D%270%200%20572%20745%27%3E%3Crect%20width%3D%27572%27%20height%3D%27745%27%20fill-opacity%3D%220%22%2F%3E%3C%2Fsvg%3E\" data-orig-src=\"https:\/\/rd.opcina-dubrava.hr\/wp-content\/uploads\/2021\/01\/recycling-160925_1280.png\" alt class=\"lazyload img-responsive wp-image-24\"\/><\/span><\/div><\/div><\/div><div class=\"fusion-layout-column fusion_builder_column fusion-builder-column-5 fusion_builder_column_2_5 2_5 fusion-flex-column\" style=\"--awb-bg-size:cover;--awb-width-large:40%;--awb-margin-top-large:20px;--awb-spacing-right-large:14.4%;--awb-margin-bottom-large:20px;--awb-spacing-left-large:19.2%;--awb-width-medium:50%;--awb-order-medium:0;--awb-spacing-right-medium:0px;--awb-spacing-left-medium:5.76%;--awb-width-small:100%;--awb-order-small:0;--awb-spacing-right-small:1.92%;--awb-spacing-left-small:1.92%;\"><div class=\"fusion-column-wrapper fusion-column-has-shadow fusion-flex-justify-content-center fusion-content-layout-column\"><div class=\"fusion-title title fusion-title-2 fusion-sep-none fusion-title-text fusion-title-size-four\" style=\"--awb-text-color:#2cbc63;--awb-margin-top:0px;--awb-margin-bottom:16px;\"><h4 class=\"fusion-title-heading title-heading-left\" style=\"margin:0;\"><\/h4><\/div><div class=\"fusion-title title fusion-title-3 fusion-sep-none fusion-title-text fusion-title-size-two\" style=\"--awb-margin-top:0px;\"><h2 class=\"fusion-title-heading title-heading-left\" style=\"margin:0;\">ZA \u010cI\u0160\u0106U DUBRAVU<\/h2><\/div><div class=\"fusion-text fusion-text-2\"><p>\u0160to je otpad? \u2013 sve ono \u0161to namjeravamo baciti, ali se mo\u017ee reciklirati ili ponovno iskoristiti<\/p>\n<p>U Hrvatskoj godi\u0161nje svaka osoba proizvede prosje\u010dno 400kg otpada<\/p>\n<p>Gdje? \u2013 Dubrava, Strossmayerova bb<\/p>\n<p>Vrijednost projekta 2.679.496,25 kn<\/p>\n<p>Poticanje ljudi na prikupljanje, razvrstavanje i smanjenje otpada<\/p>\n<p>Recikliranje je izdvajanje materijala iz otpada i njegovo ponovno kori\u0161tenje, a uklju\u010duje sakupljanje, izdvajanje, preradu i izradu novih proizvoda iz iskori\u0161tenih stvari ili materijala<\/p>\n<\/div><\/div><\/div><\/div><\/div><\/p>\n","protected":false},"excerpt":{"rendered":"","protected":false},"author":1,"featured_media":0,"parent":0,"menu_order":0,"comment_status":"closed","ping_status":"closed","template":"100-width.php","meta":{"footnotes":""},"class_list":["post-42","page","type-page","status-publish","hentry"],"_links":{"self":[{"href":"https:\/\/opcina-dubrava.hr\/reciklazno-dvoriste\/wp-json\/wp\/v2\/pages\/42","targetHints":{"allow":["GET"]}}],"collection":[{"href":"https:\/\/opcina-dubrava.hr\/reciklazno-dvoriste\/wp-json\/wp\/v2\/pages"}],"about":[{"href":"https:\/\/opcina-dubrava.hr\/reciklazno-dvoriste\/wp-json\/wp\/v2\/types\/page"}],"author":[{"embeddable":true,"href":"https:\/\/opcina-dubrava.hr\/reciklazno-dvoriste\/wp-json\/wp\/v2\/users\/1"}],"replies":[{"embeddable":true,"href":"https:\/\/opcina-dubrava.hr\/reciklazno-dvoriste\/wp-json\/wp\/v2\/comments?post=42"}],"version-history":[{"count":5,"href":"https:\/\/opcina-dubrava.hr\/reciklazno-dvoriste\/wp-json\/wp\/v2\/pages\/42\/revisions"}],"predecessor-version":[{"id":2087,"href":"https:\/\/opcina-dubrava.hr\/reciklazno-dvoriste\/wp-json\/wp\/v2\/pages\/42\/revisions\/2087"}],"wp:attachment":[{"href":"https:\/\/opcina-dubrava.hr\/reciklazno-dvoriste\/wp-json\/wp\/v2\/media?parent=42"}],"curies":[{"name":"wp","href":"https:\/\/api.w.org\/{rel}","templated":true}]}}