{"id":5,"date":"2021-01-11T20:33:19","date_gmt":"2021-01-11T20:33:19","guid":{"rendered":"https:\/\/opcina-dubrava.hr\/reciklazno-dvoriste\/?page_id=5"},"modified":"2023-12-07T15:04:29","modified_gmt":"2023-12-07T15:04:29","slug":"naslovna","status":"publish","type":"page","link":"https:\/\/opcina-dubrava.hr\/reciklazno-dvoriste\/","title":{"rendered":"Naslovna"},"content":{"rendered":"<p><div class=\"fusion-fullwidth fullwidth-box fusion-builder-row-1 fusion-flex-container nonhundred-percent-fullwidth non-hundred-percent-height-scrolling\" style=\"--awb-border-radius-top-left:0px;--awb-border-radius-top-right:0px;--awb-border-radius-bottom-right:0px;--awb-border-radius-bottom-left:0px;--awb-flex-wrap:wrap;\" ><div class=\"fusion-builder-row fusion-row fusion-flex-align-items-flex-start fusion-flex-content-wrap\" style=\"max-width:1310.4px;margin-left: calc(-4% \/ 2 );margin-right: calc(-4% \/ 2 );\"><div class=\"fusion-layout-column fusion_builder_column fusion-builder-column-0 fusion_builder_column_1_1 1_1 fusion-flex-column\" style=\"--awb-bg-size:cover;--awb-width-large:100%;--awb-margin-top-large:20px;--awb-spacing-right-large:1.92%;--awb-margin-bottom-large:20px;--awb-spacing-left-large:1.92%;--awb-width-medium:100%;--awb-order-medium:0;--awb-spacing-right-medium:1.92%;--awb-spacing-left-medium:1.92%;--awb-width-small:100%;--awb-order-small:0;--awb-spacing-right-small:1.92%;--awb-spacing-left-small:1.92%;\"><div class=\"fusion-column-wrapper fusion-column-has-shadow fusion-flex-justify-content-flex-start fusion-content-layout-column\"><div class=\"fusion-image-element \" style=\"text-align:center;--awb-caption-title-font-family:var(--h2_typography-font-family);--awb-caption-title-font-weight:var(--h2_typography-font-weight);--awb-caption-title-font-style:var(--h2_typography-font-style);--awb-caption-title-size:var(--h2_typography-font-size);--awb-caption-title-transform:var(--h2_typography-text-transform);--awb-caption-title-line-height:var(--h2_typography-line-height);--awb-caption-title-letter-spacing:var(--h2_typography-letter-spacing);\"><span class=\" fusion-imageframe imageframe-none imageframe-1 hover-type-none\" style=\"border-radius:12px;\"><a class=\"fusion-no-lightbox\" href=\"https:\/\/strukturnifondovi.hr\/\" target=\"_self\" aria-label=\"logo-animated\"><img decoding=\"async\" width=\"330\" height=\"108\" src=\"data:image\/svg+xml,%3Csvg%20xmlns%3D%27http%3A%2F%2Fwww.w3.org%2F2000%2Fsvg%27%20width%3D%27330%27%20height%3D%27108%27%20viewBox%3D%270%200%20330%20108%27%3E%3Crect%20width%3D%27330%27%20height%3D%27108%27%20fill-opacity%3D%220%22%2F%3E%3C%2Fsvg%3E\" data-orig-src=\"https:\/\/opcina-dubrava.hr\/reciklazno-dvoriste\/wp-content\/uploads\/2021\/07\/logo-animated.gif\" alt class=\"lazyload img-responsive wp-image-2093\"\/><\/a><\/span><\/div><\/div><\/div><div class=\"fusion-layout-column fusion_builder_column fusion-builder-column-1 fusion_builder_column_2_3 2_3 fusion-flex-column\" style=\"--awb-bg-size:cover;--awb-width-large:66.666666666667%;--awb-margin-top-large:20px;--awb-spacing-right-large:2.88%;--awb-margin-bottom-large:20px;--awb-spacing-left-large:2.88%;--awb-width-medium:66.666666666667%;--awb-order-medium:0;--awb-spacing-right-medium:2.88%;--awb-spacing-left-medium:2.88%;--awb-width-small:100%;--awb-order-small:0;--awb-spacing-right-small:1.92%;--awb-spacing-left-small:1.92%;\"><div class=\"fusion-column-wrapper fusion-column-has-shadow fusion-flex-justify-content-flex-start fusion-content-layout-column\"><div class=\"fusion-image-element \" style=\"text-align:center;--awb-caption-title-font-family:var(--h2_typography-font-family);--awb-caption-title-font-weight:var(--h2_typography-font-weight);--awb-caption-title-font-style:var(--h2_typography-font-style);--awb-caption-title-size:var(--h2_typography-font-size);--awb-caption-title-transform:var(--h2_typography-text-transform);--awb-caption-title-line-height:var(--h2_typography-line-height);--awb-caption-title-letter-spacing:var(--h2_typography-letter-spacing);\"><span class=\" fusion-imageframe imageframe-dropshadow imageframe-2 hover-type-none\" style=\"border-radius:12px;-webkit-box-shadow: 3px 3px 7px rgba(0,0,0,0.3);box-shadow: 3px 3px 7px rgba(0,0,0,0.3);\"><img decoding=\"async\" width=\"870\" height=\"580\" src=\"https:\/\/opcina-dubrava.hr\/reciklazno-dvoriste\/wp-content\/uploads\/2021\/01\/rec1-1.jpg\" data-orig-src=\"https:\/\/opcina-dubrava.hr\/reciklazno-dvoriste\/wp-content\/uploads\/2021\/01\/rec1-1.jpg\" alt class=\"lazyload img-responsive wp-image-2057\" srcset=\"data:image\/svg+xml,%3Csvg%20xmlns%3D%27http%3A%2F%2Fwww.w3.org%2F2000%2Fsvg%27%20width%3D%27870%27%20height%3D%27580%27%20viewBox%3D%270%200%20870%20580%27%3E%3Crect%20width%3D%27870%27%20height%3D%27580%27%20fill-opacity%3D%220%22%2F%3E%3C%2Fsvg%3E\" data-srcset=\"https:\/\/opcina-dubrava.hr\/reciklazno-dvoriste\/wp-content\/uploads\/2021\/01\/rec1-1-200x133.jpg 200w, https:\/\/opcina-dubrava.hr\/reciklazno-dvoriste\/wp-content\/uploads\/2021\/01\/rec1-1-400x267.jpg 400w, https:\/\/opcina-dubrava.hr\/reciklazno-dvoriste\/wp-content\/uploads\/2021\/01\/rec1-1-600x400.jpg 600w, https:\/\/opcina-dubrava.hr\/reciklazno-dvoriste\/wp-content\/uploads\/2021\/01\/rec1-1-800x533.jpg 800w, https:\/\/opcina-dubrava.hr\/reciklazno-dvoriste\/wp-content\/uploads\/2021\/01\/rec1-1.jpg 870w\" data-sizes=\"auto\" data-orig-sizes=\"(max-width: 640px) 100vw, 870px\" \/><\/span><\/div><\/div><\/div><div class=\"fusion-layout-column fusion_builder_column fusion-builder-column-2 fusion_builder_column_1_3 1_3 fusion-flex-column\" style=\"--awb-bg-size:cover;--awb-width-large:33.333333333333%;--awb-margin-top-large:20px;--awb-spacing-right-large:5.76%;--awb-margin-bottom-large:20px;--awb-spacing-left-large:5.76%;--awb-width-medium:33.333333333333%;--awb-order-medium:0;--awb-spacing-right-medium:5.76%;--awb-spacing-left-medium:5.76%;--awb-width-small:100%;--awb-order-small:0;--awb-spacing-right-small:1.92%;--awb-spacing-left-small:1.92%;\"><div class=\"fusion-column-wrapper fusion-column-has-shadow fusion-flex-justify-content-flex-start fusion-content-layout-column\"><div class=\"fusion-text fusion-text-1\"><div class=\"fusion-title title fusion-title-4 fusion-sep-none fusion-title-text fusion-title-size-five fusion-border-below-title\">\n<h3 id=\"element_1593034111036\" class=\"element\">Brinimo o okoli\u0161u<\/h3>\n<h1 class=\"element\" style=\"font-size: 44px;\" data-fusion-font=\"true\">RECIKLIRAJMO!<\/h1>\n<h5>Recikla\u017eno dvori\u0161te Op\u0107ine Dubrava<\/h5>\n<h5 class=\"title-heading-left\">Adresa<\/h5>\n<\/div>\n<div class=\"fusion-text fusion-text-4\">\n<p>Strossmayerova bb<\/p>\n<p><strong>Radno vrijeme:<\/strong><\/p>\n<p>Svaki utorak od 11 \u2013 19 h, subotom 7-15 sati. (osim blagdanom i neradnim danima).<\/p>\n<\/div>\n<\/div><\/div><\/div><\/div><\/div><div class=\"fusion-fullwidth fullwidth-box fusion-builder-row-2 fusion-flex-container nonhundred-percent-fullwidth non-hundred-percent-height-scrolling\" style=\"--awb-border-radius-top-left:0px;--awb-border-radius-top-right:0px;--awb-border-radius-bottom-right:0px;--awb-border-radius-bottom-left:0px;--awb-flex-wrap:wrap;\" ><div class=\"fusion-builder-row fusion-row fusion-flex-align-items-flex-start fusion-flex-content-wrap\" style=\"max-width:1310.4px;margin-left: calc(-4% \/ 2 );margin-right: calc(-4% \/ 2 );\"><div class=\"fusion-layout-column fusion_builder_column fusion-builder-column-3 fusion_builder_column_1_1 1_1 fusion-flex-column\" style=\"--awb-bg-size:cover;--awb-width-large:100%;--awb-margin-top-large:20px;--awb-spacing-right-large:1.92%;--awb-margin-bottom-large:20px;--awb-spacing-left-large:1.92%;--awb-width-medium:100%;--awb-order-medium:0;--awb-spacing-right-medium:1.92%;--awb-spacing-left-medium:1.92%;--awb-width-small:100%;--awb-order-small:0;--awb-spacing-right-small:1.92%;--awb-spacing-left-small:1.92%;\"><div class=\"fusion-column-wrapper fusion-column-has-shadow fusion-flex-justify-content-flex-start fusion-content-layout-column\"><div class=\"fusion-image-element \" style=\"text-align:center;--awb-caption-title-font-family:var(--h2_typography-font-family);--awb-caption-title-font-weight:var(--h2_typography-font-weight);--awb-caption-title-font-style:var(--h2_typography-font-style);--awb-caption-title-size:var(--h2_typography-font-size);--awb-caption-title-transform:var(--h2_typography-text-transform);--awb-caption-title-line-height:var(--h2_typography-line-height);--awb-caption-title-letter-spacing:var(--h2_typography-letter-spacing);\"><span class=\" fusion-imageframe imageframe-none imageframe-3 hover-type-none\" style=\"border-radius:12px;\"><img decoding=\"async\" width=\"1000\" height=\"111\" title=\"fondovi\" src=\"https:\/\/opcina-dubrava.hr\/reciklazno-dvoriste\/wp-content\/uploads\/2021\/01\/fondovi.jpg\" data-orig-src=\"https:\/\/opcina-dubrava.hr\/reciklazno-dvoriste\/wp-content\/uploads\/2021\/01\/fondovi.jpg\" alt class=\"lazyload img-responsive wp-image-2062\" srcset=\"data:image\/svg+xml,%3Csvg%20xmlns%3D%27http%3A%2F%2Fwww.w3.org%2F2000%2Fsvg%27%20width%3D%271000%27%20height%3D%27111%27%20viewBox%3D%270%200%201000%20111%27%3E%3Crect%20width%3D%271000%27%20height%3D%27111%27%20fill-opacity%3D%220%22%2F%3E%3C%2Fsvg%3E\" data-srcset=\"https:\/\/opcina-dubrava.hr\/reciklazno-dvoriste\/wp-content\/uploads\/2021\/01\/fondovi-200x22.jpg 200w, https:\/\/opcina-dubrava.hr\/reciklazno-dvoriste\/wp-content\/uploads\/2021\/01\/fondovi-400x44.jpg 400w, https:\/\/opcina-dubrava.hr\/reciklazno-dvoriste\/wp-content\/uploads\/2021\/01\/fondovi-600x67.jpg 600w, https:\/\/opcina-dubrava.hr\/reciklazno-dvoriste\/wp-content\/uploads\/2021\/01\/fondovi-800x89.jpg 800w, https:\/\/opcina-dubrava.hr\/reciklazno-dvoriste\/wp-content\/uploads\/2021\/01\/fondovi.jpg 1000w\" data-sizes=\"auto\" data-orig-sizes=\"(max-width: 640px) 100vw, 1000px\" \/><\/span><\/div><\/div><\/div><\/div><\/div><div class=\"fusion-fullwidth fullwidth-box fusion-builder-row-3 fusion-flex-container nonhundred-percent-fullwidth non-hundred-percent-height-scrolling\" style=\"--awb-border-radius-top-left:0px;--awb-border-radius-top-right:0px;--awb-border-radius-bottom-right:0px;--awb-border-radius-bottom-left:0px;--awb-flex-wrap:wrap;\" ><div class=\"fusion-builder-row fusion-row fusion-flex-align-items-flex-start fusion-flex-content-wrap\" style=\"max-width:1310.4px;margin-left: calc(-4% \/ 2 );margin-right: calc(-4% \/ 2 );\"><div class=\"fusion-layout-column fusion_builder_column fusion-builder-column-4 fusion_builder_column_1_2 1_2 fusion-flex-column\" style=\"--awb-bg-size:cover;--awb-width-large:50%;--awb-margin-top-large:20px;--awb-spacing-right-large:3.84%;--awb-margin-bottom-large:20px;--awb-spacing-left-large:3.84%;--awb-width-medium:50%;--awb-order-medium:0;--awb-spacing-right-medium:3.84%;--awb-spacing-left-medium:3.84%;--awb-width-small:100%;--awb-order-small:0;--awb-spacing-right-small:1.92%;--awb-spacing-left-small:1.92%;\"><div class=\"fusion-column-wrapper fusion-column-has-shadow fusion-flex-justify-content-flex-start fusion-content-layout-column\"><div class=\"fusion-text fusion-text-2\"><h2>ZA \u010cI\u0160\u0106U DUBRAVU<\/h2>\n<p>Recikliranje je izdvajanje materijala iz otpada i njegovo ponovno kori\u0161tenje, a uklju\u010duje sakupljanje, izdvajanje, preradu i izradu novih proizvoda iz iskori\u0161tenih stvari ili materijala<\/p>\n<p><span style=\"background-color: rgba(255, 255, 255, 0); color: var(--body_typography-color); font-family: var(--body_typography-font-family); font-size: var(--body_typography-font-size); font-style: var(--body_typography-font-style,normal); letter-spacing: var(--body_typography-letter-spacing);\"><b>\u0160to se sve mo\u017ee odlagati? <\/b><\/span><\/p>\n<ul>\n<li>papir i karton, <\/li>\n<li>plastika,<\/li>\n<li> metalna ambala\u017ea, <\/li>\n<li>staklena ambala\u017ea, <\/li>\n<li>stiropor,<\/li>\n<li> PET-boce,<\/li>\n<li> ambala\u017eu boja, lakova i ulja, <\/li>\n<li>zeleni otpad, stare<\/li>\n<li> lijekove,<\/li>\n<li> motorna i jestiva ulja, <\/li>\n<li>elektriku i elektroniku,<\/li>\n<li>akumulatore i baterije, <\/li>\n<li>tekstil i obu\u0107u<\/li>\n<\/ul>\n<\/div><\/div><\/div><div class=\"fusion-layout-column fusion_builder_column fusion-builder-column-5 fusion_builder_column_1_2 1_2 fusion-flex-column\" style=\"--awb-bg-size:cover;--awb-width-large:50%;--awb-margin-top-large:20px;--awb-spacing-right-large:3.84%;--awb-margin-bottom-large:20px;--awb-spacing-left-large:3.84%;--awb-width-medium:50%;--awb-order-medium:0;--awb-spacing-right-medium:3.84%;--awb-spacing-left-medium:3.84%;--awb-width-small:100%;--awb-order-small:0;--awb-spacing-right-small:1.92%;--awb-spacing-left-small:1.92%;\"><div class=\"fusion-column-wrapper fusion-column-has-shadow fusion-flex-justify-content-flex-start fusion-content-layout-column\"><div class=\"fusion-slider-sc\"><div class=\"fusion-flexslider-loading flexslider flexslider-hover-type-none\" data-slideshow_autoplay=\"1\" data-slideshow_smooth_height=\"0\" data-slideshow_speed=\"7000\" style=\"max-width:100%;height:100%;\"><ul class=\"slides\"><li class=\"image\"><span class=\"lazyload fusion-image-hover-element hover-type-none\"><img decoding=\"async\" src=\"https:\/\/rd.opcina-dubrava.hr\/wp-content\/uploads\/2021\/01\/rec1-1-1.jpg\" data-orig-src=\"https:\/\/rd.opcina-dubrava.hr\/wp-content\/uploads\/2021\/01\/rec1-1-1.jpg\" width=\"870\" height=\"580\" class=\"lazyload wp-image-2066\" srcset=\"data:image\/svg+xml,%3Csvg%20xmlns%3D%27http%3A%2F%2Fwww.w3.org%2F2000%2Fsvg%27%20width%3D%27870%27%20height%3D%27580%27%20viewBox%3D%270%200%20870%20580%27%3E%3Crect%20width%3D%27870%27%20height%3D%27580%27%20fill-opacity%3D%220%22%2F%3E%3C%2Fsvg%3E\" data-srcset=\"https:\/\/opcina-dubrava.hr\/reciklazno-dvoriste\/wp-content\/uploads\/2021\/01\/rec1-1-1-200x133.jpg 200w, https:\/\/opcina-dubrava.hr\/reciklazno-dvoriste\/wp-content\/uploads\/2021\/01\/rec1-1-1-400x267.jpg 400w, https:\/\/opcina-dubrava.hr\/reciklazno-dvoriste\/wp-content\/uploads\/2021\/01\/rec1-1-1-600x400.jpg 600w, https:\/\/opcina-dubrava.hr\/reciklazno-dvoriste\/wp-content\/uploads\/2021\/01\/rec1-1-1-800x533.jpg 800w, https:\/\/opcina-dubrava.hr\/reciklazno-dvoriste\/wp-content\/uploads\/2021\/01\/rec1-1-1.jpg 870w\" data-sizes=\"auto\" data-orig-sizes=\"(max-width: 640px) 100vw, 600px\" \/><\/span><\/li><li class=\"image\"><span class=\"lazyload fusion-image-hover-element hover-type-none\"><img decoding=\"async\" src=\"https:\/\/rd.opcina-dubrava.hr\/wp-content\/uploads\/2021\/01\/rec1-2.jpg\" data-orig-src=\"https:\/\/rd.opcina-dubrava.hr\/wp-content\/uploads\/2021\/01\/rec1-2.jpg\" width=\"870\" height=\"580\" class=\"lazyload wp-image-2067\" srcset=\"data:image\/svg+xml,%3Csvg%20xmlns%3D%27http%3A%2F%2Fwww.w3.org%2F2000%2Fsvg%27%20width%3D%27870%27%20height%3D%27580%27%20viewBox%3D%270%200%20870%20580%27%3E%3Crect%20width%3D%27870%27%20height%3D%27580%27%20fill-opacity%3D%220%22%2F%3E%3C%2Fsvg%3E\" data-srcset=\"https:\/\/opcina-dubrava.hr\/reciklazno-dvoriste\/wp-content\/uploads\/2021\/01\/rec1-2-200x133.jpg 200w, https:\/\/opcina-dubrava.hr\/reciklazno-dvoriste\/wp-content\/uploads\/2021\/01\/rec1-2-400x267.jpg 400w, https:\/\/opcina-dubrava.hr\/reciklazno-dvoriste\/wp-content\/uploads\/2021\/01\/rec1-2-600x400.jpg 600w, https:\/\/opcina-dubrava.hr\/reciklazno-dvoriste\/wp-content\/uploads\/2021\/01\/rec1-2-800x533.jpg 800w, https:\/\/opcina-dubrava.hr\/reciklazno-dvoriste\/wp-content\/uploads\/2021\/01\/rec1-2.jpg 870w\" data-sizes=\"auto\" data-orig-sizes=\"(max-width: 640px) 100vw, 600px\" \/><\/span><\/li><li class=\"image\"><span class=\"lazyload fusion-image-hover-element hover-type-none\"><img decoding=\"async\" src=\"https:\/\/rd.opcina-dubrava.hr\/wp-content\/uploads\/2021\/01\/rec1-3.jpg\" data-orig-src=\"https:\/\/rd.opcina-dubrava.hr\/wp-content\/uploads\/2021\/01\/rec1-3.jpg\" width=\"870\" height=\"580\" class=\"lazyload wp-image-2068\" srcset=\"data:image\/svg+xml,%3Csvg%20xmlns%3D%27http%3A%2F%2Fwww.w3.org%2F2000%2Fsvg%27%20width%3D%27870%27%20height%3D%27580%27%20viewBox%3D%270%200%20870%20580%27%3E%3Crect%20width%3D%27870%27%20height%3D%27580%27%20fill-opacity%3D%220%22%2F%3E%3C%2Fsvg%3E\" data-srcset=\"https:\/\/opcina-dubrava.hr\/reciklazno-dvoriste\/wp-content\/uploads\/2021\/01\/rec1-3-200x133.jpg 200w, https:\/\/opcina-dubrava.hr\/reciklazno-dvoriste\/wp-content\/uploads\/2021\/01\/rec1-3-400x267.jpg 400w, https:\/\/opcina-dubrava.hr\/reciklazno-dvoriste\/wp-content\/uploads\/2021\/01\/rec1-3-600x400.jpg 600w, https:\/\/opcina-dubrava.hr\/reciklazno-dvoriste\/wp-content\/uploads\/2021\/01\/rec1-3-800x533.jpg 800w, https:\/\/opcina-dubrava.hr\/reciklazno-dvoriste\/wp-content\/uploads\/2021\/01\/rec1-3.jpg 870w\" data-sizes=\"auto\" data-orig-sizes=\"(max-width: 640px) 100vw, 600px\" \/><\/span><\/li><\/ul><\/div><\/div><div class=\"fusion-text fusion-text-3\"><p><i><b>Tko smije koristiti RD?<\/b> \u2013 besplatno kori\u0161tenje usluga recikla\u017enog dvori\u0161te imaju fizi\u010dke osobe s podru\u010dja op\u0107ine Dubrava uz predo\u010denje osobne iskaznice. Pravo na besplatno kori\u0161tenje usluga recikla\u017enog dvori\u0161ta imaju i vlasnici-posjednici nekretnina koje povremeno koriste, a nemaju prebivali\u0161te na podru\u010dju Dubrave uz predo\u010denje osobne iskaznice i dokaza o izvr\u0161enom pla\u0107anju usluge za odvoz komunalnog otpada za protekli mjesec. Na primjer, \u201evikenda\u0161i\u201c koji uredno podmiruju obveze odvoza otpada.<\/i><\/p>\n<\/div><\/div><\/div><\/div><\/div><div class=\"fusion-fullwidth fullwidth-box fusion-builder-row-4 fusion-flex-container nonhundred-percent-fullwidth non-hundred-percent-height-scrolling\" style=\"--awb-border-radius-top-left:0px;--awb-border-radius-top-right:0px;--awb-border-radius-bottom-right:0px;--awb-border-radius-bottom-left:0px;--awb-flex-wrap:wrap;\" ><div class=\"fusion-builder-row fusion-row fusion-flex-align-items-flex-start fusion-flex-content-wrap\" style=\"max-width:1310.4px;margin-left: calc(-4% \/ 2 );margin-right: calc(-4% \/ 2 );\"><div class=\"fusion-layout-column fusion_builder_column fusion-builder-column-6 fusion_builder_column_1_2 1_2 fusion-flex-column\" style=\"--awb-bg-size:cover;--awb-width-large:50%;--awb-margin-top-large:20px;--awb-spacing-right-large:3.84%;--awb-margin-bottom-large:20px;--awb-spacing-left-large:3.84%;--awb-width-medium:50%;--awb-order-medium:0;--awb-spacing-right-medium:3.84%;--awb-spacing-left-medium:3.84%;--awb-width-small:100%;--awb-order-small:0;--awb-spacing-right-small:1.92%;--awb-spacing-left-small:1.92%;\"><div class=\"fusion-column-wrapper fusion-column-has-shadow fusion-flex-justify-content-flex-start fusion-content-layout-column\"><div class=\"fusion-image-element \" style=\"--awb-caption-title-font-family:var(--h2_typography-font-family);--awb-caption-title-font-weight:var(--h2_typography-font-weight);--awb-caption-title-font-style:var(--h2_typography-font-style);--awb-caption-title-size:var(--h2_typography-font-size);--awb-caption-title-transform:var(--h2_typography-text-transform);--awb-caption-title-line-height:var(--h2_typography-line-height);--awb-caption-title-letter-spacing:var(--h2_typography-letter-spacing);\"><span class=\" fusion-imageframe imageframe-none imageframe-4 hover-type-none\" style=\"border-radius:12px;\"><img decoding=\"async\" width=\"572\" height=\"745\" src=\"data:image\/svg+xml,%3Csvg%20xmlns%3D%27http%3A%2F%2Fwww.w3.org%2F2000%2Fsvg%27%20width%3D%27572%27%20height%3D%27745%27%20viewBox%3D%270%200%20572%20745%27%3E%3Crect%20width%3D%27572%27%20height%3D%27745%27%20fill-opacity%3D%220%22%2F%3E%3C%2Fsvg%3E\" data-orig-src=\"https:\/\/opcina-dubrava.hr\/reciklazno-dvoriste\/wp-content\/uploads\/2021\/01\/recycling-160925_1280.png\" alt class=\"lazyload img-responsive wp-image-24\"\/><\/span><\/div><\/div><\/div><div class=\"fusion-layout-column fusion_builder_column fusion-builder-column-7 fusion_builder_column_1_2 1_2 fusion-flex-column\" style=\"--awb-bg-size:cover;--awb-width-large:50%;--awb-margin-top-large:20px;--awb-spacing-right-large:3.84%;--awb-margin-bottom-large:20px;--awb-spacing-left-large:3.84%;--awb-width-medium:50%;--awb-order-medium:0;--awb-spacing-right-medium:3.84%;--awb-spacing-left-medium:3.84%;--awb-width-small:100%;--awb-order-small:0;--awb-spacing-right-small:1.92%;--awb-spacing-left-small:1.92%;\"><div class=\"fusion-column-wrapper fusion-column-has-shadow fusion-flex-justify-content-flex-start fusion-content-layout-column\"><div class=\"fusion-text fusion-text-4\"><p>Projekt \u201cIzgradnja recikla\u017enog dvori\u0161ta Op\u0107ini Dubrava \u201d prijavljen je i odobren za sufinanciranje u sklopu otvorenog Poziva na dostavu projektnih prijedloga Uspostava recikla\u017enih dvori\u0161ta koda KK.06.3.1.03.0127 financiranog iz operativnog programa Konkurentnost i Kohezija 2014.-2020.<\/p>\n<p>Svrha ovog poziva je doprinos pove\u0107anju stope odvojeno prikupljenog komunalnog otpada i smanjenju koli\u010dine otpada koji se odla\u017ee na odlagali\u0161te.<\/p>\n<p>Prijavitelj i korisnik Projekta je Op\u0107ina Dubrava, a odgovorna osoba je op\u0107inski na\u010delnik Tomislav Okro\u0161a<\/p>\n<p>Ukupna vrijednost Projekta je 2.679.796,25. kuna, a iznos EU sufinanciranja je 1.401.107,02 kuna.<\/p>\n<p>Planirano vrijeme provedbe Projekta je 01.03. 2020. godine do 30.04. 2021. godine.<\/p>\n<p>Aktivnosti projekta su: Izgradnja i opremanje recikla\u017enog dvori\u0161ta, izobrazno-informativne aktivnosti, upravljanje projektom i promid\u017eba i vidljivost.<\/p>\n<p>Projekt je sufinancirala Europska unija iz Kohezijskog fonda.<\/p>\n<\/div><div class=\"fusion-image-element \" style=\"--awb-caption-title-font-family:var(--h2_typography-font-family);--awb-caption-title-font-weight:var(--h2_typography-font-weight);--awb-caption-title-font-style:var(--h2_typography-font-style);--awb-caption-title-size:var(--h2_typography-font-size);--awb-caption-title-transform:var(--h2_typography-text-transform);--awb-caption-title-line-height:var(--h2_typography-line-height);--awb-caption-title-letter-spacing:var(--h2_typography-letter-spacing);\"><span class=\" fusion-imageframe imageframe-none imageframe-5 hover-type-none\" style=\"border-radius:12px;\"><img decoding=\"async\" width=\"1000\" height=\"111\" title=\"fondovi\" src=\"https:\/\/opcina-dubrava.hr\/reciklazno-dvoriste\/wp-content\/uploads\/2021\/01\/fondovi.jpg\" data-orig-src=\"https:\/\/rd.opcina-dubrava.hr\/wp-content\/uploads\/2021\/01\/fondovi.jpg\" alt class=\"lazyload img-responsive wp-image-2062\" srcset=\"data:image\/svg+xml,%3Csvg%20xmlns%3D%27http%3A%2F%2Fwww.w3.org%2F2000%2Fsvg%27%20width%3D%271000%27%20height%3D%27111%27%20viewBox%3D%270%200%201000%20111%27%3E%3Crect%20width%3D%271000%27%20height%3D%27111%27%20fill-opacity%3D%220%22%2F%3E%3C%2Fsvg%3E\" data-srcset=\"https:\/\/opcina-dubrava.hr\/reciklazno-dvoriste\/wp-content\/uploads\/2021\/01\/fondovi-200x22.jpg 200w, https:\/\/opcina-dubrava.hr\/reciklazno-dvoriste\/wp-content\/uploads\/2021\/01\/fondovi-400x44.jpg 400w, https:\/\/opcina-dubrava.hr\/reciklazno-dvoriste\/wp-content\/uploads\/2021\/01\/fondovi-600x67.jpg 600w, https:\/\/opcina-dubrava.hr\/reciklazno-dvoriste\/wp-content\/uploads\/2021\/01\/fondovi-800x89.jpg 800w, https:\/\/opcina-dubrava.hr\/reciklazno-dvoriste\/wp-content\/uploads\/2021\/01\/fondovi.jpg 1000w\" data-sizes=\"auto\" data-orig-sizes=\"(max-width: 640px) 100vw, 600px\" \/><\/span><\/div><\/div><\/div><\/div><\/div><\/p>\n","protected":false},"excerpt":{"rendered":"","protected":false},"author":1,"featured_media":0,"parent":2035,"menu_order":0,"comment_status":"closed","ping_status":"closed","template":"","meta":{"footnotes":""},"class_list":["post-5","page","type-page","status-publish","hentry"],"_links":{"self":[{"href":"https:\/\/opcina-dubrava.hr\/reciklazno-dvoriste\/wp-json\/wp\/v2\/pages\/5","targetHints":{"allow":["GET"]}}],"collection":[{"href":"https:\/\/opcina-dubrava.hr\/reciklazno-dvoriste\/wp-json\/wp\/v2\/pages"}],"about":[{"href":"https:\/\/opcina-dubrava.hr\/reciklazno-dvoriste\/wp-json\/wp\/v2\/types\/page"}],"author":[{"embeddable":true,"href":"https:\/\/opcina-dubrava.hr\/reciklazno-dvoriste\/wp-json\/wp\/v2\/users\/1"}],"replies":[{"embeddable":true,"href":"https:\/\/opcina-dubrava.hr\/reciklazno-dvoriste\/wp-json\/wp\/v2\/comments?post=5"}],"version-history":[{"count":21,"href":"https:\/\/opcina-dubrava.hr\/reciklazno-dvoriste\/wp-json\/wp\/v2\/pages\/5\/revisions"}],"predecessor-version":[{"id":2106,"href":"https:\/\/opcina-dubrava.hr\/reciklazno-dvoriste\/wp-json\/wp\/v2\/pages\/5\/revisions\/2106"}],"up":[{"embeddable":true,"href":"https:\/\/opcina-dubrava.hr\/reciklazno-dvoriste\/wp-json\/wp\/v2\/pages\/2035"}],"wp:attachment":[{"href":"https:\/\/opcina-dubrava.hr\/reciklazno-dvoriste\/wp-json\/wp\/v2\/media?parent=5"}],"curies":[{"name":"wp","href":"https:\/\/api.w.org\/{rel}","templated":true}]}}