{"id":6,"date":"2021-01-11T20:33:19","date_gmt":"2021-01-11T20:33:19","guid":{"rendered":"https:\/\/opcina-dubrava.hr\/reciklazno-dvoriste\/?page_id=6"},"modified":"2021-01-13T07:19:42","modified_gmt":"2021-01-13T07:19:42","slug":"informacije","status":"publish","type":"page","link":"https:\/\/opcina-dubrava.hr\/reciklazno-dvoriste\/informacije\/","title":{"rendered":"Informacije"},"content":{"rendered":"<div class=\"fusion-fullwidth fullwidth-box fusion-builder-row-1 fusion-flex-container nonhundred-percent-fullwidth non-hundred-percent-height-scrolling\" style=\"--awb-border-radius-top-left:0px;--awb-border-radius-top-right:0px;--awb-border-radius-bottom-right:0px;--awb-border-radius-bottom-left:0px;--awb-flex-wrap:wrap;\" ><div class=\"fusion-builder-row fusion-row fusion-flex-align-items-flex-start fusion-flex-content-wrap\" style=\"max-width:calc( 1260px + 0px );margin-left: calc(-0px \/ 2 );margin-right: calc(-0px \/ 2 );\"><div class=\"fusion-layout-column fusion_builder_column fusion-builder-column-0 fusion_builder_column_1_1 1_1 fusion-flex-column\" style=\"--awb-bg-size:cover;--awb-width-large:100%;--awb-margin-top-large:0px;--awb-spacing-right-large:0px;--awb-margin-bottom-large:0px;--awb-spacing-left-large:0px;--awb-width-medium:100%;--awb-spacing-right-medium:0px;--awb-spacing-left-medium:0px;--awb-width-small:100%;--awb-spacing-right-small:0px;--awb-spacing-left-small:0px;\"><div class=\"fusion-column-wrapper fusion-flex-justify-content-flex-start fusion-content-layout-column\"><div class=\"fusion-text fusion-text-1\"><p><b>RECIKLA\u017dNO DVORI\u0160TE DUBRAVA<\/b><\/p>\n<p>ZA \u010cI\u0160\u0106U DUBRAVU<\/p>\n<ul>\n<li>\u0160to je otpad? \u2013 sve ono \u0161to namjeravamo baciti, ali se mo\u017ee reciklirati ili ponovno iskoristiti<\/li>\n<li>U Hrvatskoj godi\u0161nje svaka osoba proizvede prosje\u010dno 400kg otpada<\/li>\n<li>Gdje? \u2013 Dubrava, Strossmayerova bb<\/li>\n<li>Vrijednost projekta 2.679.496,25 kn<\/li>\n<li>Poticanje ljudi na prikupljanje, razvrstavanje i smanjenje otpada<\/li>\n<li>Recikliranje je izdvajanje materijala iz otpada i njegovo ponovno kori\u0161tenje, a uklju\u010duje sakupljanje, izdvajanje, preradu i izradu novih proizvoda iz iskori\u0161tenih stvari ili materijala<\/li>\n<li>Tko smije koristiti RD? \u2013 besplatno kori\u0161tenje usluga recikla\u017enog dvori\u0161te imaju fizi\u010dke osobe s podru\u010dja op\u0107ine Dubrava uz predo\u010denje osobne iskaznice. Pravo na besplatno kori\u0161tenje usluga recikla\u017enog dvori\u0161ta imaju i vlasnici-posjednici nekretnina koje povremeno koriste, a nemaju prebivali\u0161te na podru\u010dju Dubrave uz predo\u010denje osobne iskaznice i dokaza o izvr\u0161enom pla\u0107anju usluge za odvoz komunalnog otpada za protekli mjesec. Na primjer, \u201evikenda\u0161i\u201c koji uredno podmiruju obveze odvoza otpada.<\/li>\n<li>\u0160to se sve mo\u017ee odlagati? \u2013 papir i karton, plastika, metalna ambala\u017ea, staklena ambala\u017ea, stiropor, PET-boce, ambala\u017eu boja, lakova i ulja, zeleni otpad, stare lijekove, motorna i jestiva ulja, elektriku i elektroniku, akumulatore i baterije, tekstil i obu\u0107u<\/li>\n<\/ul>\n<\/div><\/div><\/div><\/div><\/div>\n","protected":false},"excerpt":{"rendered":"","protected":false},"author":1,"featured_media":0,"parent":0,"menu_order":0,"comment_status":"closed","ping_status":"closed","template":"","meta":{"footnotes":""},"class_list":["post-6","page","type-page","status-publish","hentry"],"_links":{"self":[{"href":"https:\/\/opcina-dubrava.hr\/reciklazno-dvoriste\/wp-json\/wp\/v2\/pages\/6","targetHints":{"allow":["GET"]}}],"collection":[{"href":"https:\/\/opcina-dubrava.hr\/reciklazno-dvoriste\/wp-json\/wp\/v2\/pages"}],"about":[{"href":"https:\/\/opcina-dubrava.hr\/reciklazno-dvoriste\/wp-json\/wp\/v2\/types\/page"}],"author":[{"embeddable":true,"href":"https:\/\/opcina-dubrava.hr\/reciklazno-dvoriste\/wp-json\/wp\/v2\/users\/1"}],"replies":[{"embeddable":true,"href":"https:\/\/opcina-dubrava.hr\/reciklazno-dvoriste\/wp-json\/wp\/v2\/comments?post=6"}],"version-history":[{"count":2,"href":"https:\/\/opcina-dubrava.hr\/reciklazno-dvoriste\/wp-json\/wp\/v2\/pages\/6\/revisions"}],"predecessor-version":[{"id":2052,"href":"https:\/\/opcina-dubrava.hr\/reciklazno-dvoriste\/wp-json\/wp\/v2\/pages\/6\/revisions\/2052"}],"wp:attachment":[{"href":"https:\/\/opcina-dubrava.hr\/reciklazno-dvoriste\/wp-json\/wp\/v2\/media?parent=6"}],"curies":[{"name":"wp","href":"https:\/\/api.w.org\/{rel}","templated":true}]}}